{"id":7,"date":"2021-04-19T22:32:43","date_gmt":"2021-04-19T20:32:43","guid":{"rendered":"https:\/\/demo.hosting.frachtwerk.de\/?page_id=7"},"modified":"2021-04-19T22:32:43","modified_gmt":"2021-04-19T20:32:43","slug":"impressum","status":"publish","type":"page","link":"https:\/\/demo.fw-hosting.space\/index.php\/impressum\/","title":{"rendered":"Impressum"},"content":{"rendered":"\n<p>Verantwortlich f\u00fcr den Inhalt dieser Seite ist:<\/p>\n\n\n\n<p><strong>Frachtwerk GmbH<br><\/strong>Gro\u00dfe Pr\u00e4sidentenstra\u00dfe 10<br>10178 Berlin<\/p>\n\n\n\n<p>contact (at) frachtwerk.de<\/p>\n\n\n\n<p>Mehr Informationen finden Sie unter <a href=\"https:\/\/frachtwerk.de\">https:\/\/frachtwerk.de<\/a>!<\/p>\n","protected":false},"excerpt":{"rendered":"<p>Verantwortlich f\u00fcr den Inhalt dieser Seite ist: Frachtwerk GmbHGro\u00dfe Pr\u00e4sidentenstra\u00dfe 1010178 Berlin contact (at) frachtwerk.de Mehr Informationen finden Sie unter https:\/\/frachtwerk.de!<\/p>\n","protected":false},"author":1,"featured_media":0,"parent":0,"menu_order":0,"comment_status":"closed","ping_status":"closed","template":"","meta":{"footnotes":""},"class_list":["post-7","page","type-page","status-publish","hentry","entry"],"_links":{"self":[{"href":"https:\/\/demo.fw-hosting.space\/index.php\/wp-json\/wp\/v2\/pages\/7","targetHints":{"allow":["GET"]}}],"collection":[{"href":"https:\/\/demo.fw-hosting.space\/index.php\/wp-json\/wp\/v2\/pages"}],"about":[{"href":"https:\/\/demo.fw-hosting.space\/index.php\/wp-json\/wp\/v2\/types\/page"}],"author":[{"embeddable":true,"href":"https:\/\/demo.fw-hosting.space\/index.php\/wp-json\/wp\/v2\/users\/1"}],"replies":[{"embeddable":true,"href":"https:\/\/demo.fw-hosting.space\/index.php\/wp-json\/wp\/v2\/comments?post=7"}],"version-history":[{"count":1,"href":"https:\/\/demo.fw-hosting.space\/index.php\/wp-json\/wp\/v2\/pages\/7\/revisions"}],"predecessor-version":[{"id":8,"href":"https:\/\/demo.fw-hosting.space\/index.php\/wp-json\/wp\/v2\/pages\/7\/revisions\/8"}],"wp:attachment":[{"href":"https:\/\/demo.fw-hosting.space\/index.php\/wp-json\/wp\/v2\/media?parent=7"}],"curies":[{"name":"wp","href":"https:\/\/api.w.org\/{rel}","templated":true}]}}