{"id":36,"date":"2021-04-20T21:53:18","date_gmt":"2021-04-20T19:53:18","guid":{"rendered":"https:\/\/demo.hosting.frachtwerk.de\/?page_id=36"},"modified":"2021-04-20T21:53:18","modified_gmt":"2021-04-20T19:53:18","slug":"osm-demo","status":"publish","type":"page","link":"https:\/\/demo.fw-hosting.space\/index.php\/osm-demo\/","title":{"rendered":"OSM-Demo"},"content":{"rendered":"\n<div class=\"BorlabsCookie\"><div class=\"_brlbs-content-blocker\"> <div class=\"_brlbs-embed\"> <img class=\"_brlbs-thumbnail\" src=\"https:\/\/demo.fw-hosting.space\/wp-content\/plugins\/borlabs-cookie\/images\/cb-maps.png\" alt=\"OpenStreetMap\"> <div class=\"_brlbs-caption\"> <p>Mit dem Laden der Karte akzeptieren Sie die Datenschutzerkl\u00e4rung von OpenStreetMap Foundation.<br><a href=\"https:\/\/wiki.osmfoundation.org\/wiki\/Privacy_Policy\" target=\"_blank\" rel=\"nofollow noopener noreferrer\">Mehr erfahren<\/a><\/p> <p><a class=\"_brlbs-btn\" href=\"#\" data-borlabs-cookie-unblock role=\"button\">Karte laden<\/a><\/p> <p><label><input type=\"checkbox\" name=\"unblockAll\" value=\"1\" checked> <small>OpenStreetMaps immer entsperren<\/small><\/label><\/p> <\/div> <\/div> <\/div><div class=\"borlabs-hide\" data-borlabs-cookie-type=\"content-blocker\" data-borlabs-cookie-id=\"openstreetmap\"><script type=\"text\/template\">PGlmcmFtZSBsb2FkaW5nPSJsYXp5IiB3aWR0aD0iNDI1IiBoZWlnaHQ9IjM1MCIgZnJhbWVib3JkZXI9IjAiIHNjcm9sbGluZz0ibm8iIG1hcmdpbmhlaWdodD0iMCIgbWFyZ2lud2lkdGg9IjAiIHNyYz0iaHR0cHM6Ly93d3cub3BlbnN0cmVldG1hcC5vcmcvZXhwb3J0L2VtYmVkLmh0bWw\/YmJveD0xMy4zNzQxOTY4ODcwMTYyOTglMkM1Mi41MDAzODM4MTY0Mzk3OSUyQzEzLjM3NzczNzQwMjkxNTk1NiUyQzUyLjUwMTg1NDk1NDY2MDUzJmFtcDtsYXllcj1tYXBuaWsiIHN0eWxlPSJib3JkZXI6IDFweCBzb2xpZCBibGFjayI+PC9pZnJhbWU+<\/script><\/div><\/div><br\/><small><a href=\"https:\/\/www.openstreetmap.org\/#map=19\/52.50112\/13.37597\">Gr\u00f6\u00dfere Karte anzeigen<\/a><\/small>\n","protected":false},"excerpt":{"rendered":"<p>Mit dem Laden der Karte akzeptieren Sie die Datenschutzerkl\u00e4rung von OpenStreetMap Foundation.Mehr erfahren Karte laden OpenStreetMaps immer entsperren Gr\u00f6\u00dfere Karte anzeigen<\/p>\n","protected":false},"author":1,"featured_media":0,"parent":0,"menu_order":0,"comment_status":"closed","ping_status":"closed","template":"","meta":{"footnotes":""},"class_list":["post-36","page","type-page","status-publish","hentry","entry"],"_links":{"self":[{"href":"https:\/\/demo.fw-hosting.space\/index.php\/wp-json\/wp\/v2\/pages\/36","targetHints":{"allow":["GET"]}}],"collection":[{"href":"https:\/\/demo.fw-hosting.space\/index.php\/wp-json\/wp\/v2\/pages"}],"about":[{"href":"https:\/\/demo.fw-hosting.space\/index.php\/wp-json\/wp\/v2\/types\/page"}],"author":[{"embeddable":true,"href":"https:\/\/demo.fw-hosting.space\/index.php\/wp-json\/wp\/v2\/users\/1"}],"replies":[{"embeddable":true,"href":"https:\/\/demo.fw-hosting.space\/index.php\/wp-json\/wp\/v2\/comments?post=36"}],"version-history":[{"count":2,"href":"https:\/\/demo.fw-hosting.space\/index.php\/wp-json\/wp\/v2\/pages\/36\/revisions"}],"predecessor-version":[{"id":38,"href":"https:\/\/demo.fw-hosting.space\/index.php\/wp-json\/wp\/v2\/pages\/36\/revisions\/38"}],"wp:attachment":[{"href":"https:\/\/demo.fw-hosting.space\/index.php\/wp-json\/wp\/v2\/media?parent=36"}],"curies":[{"name":"wp","href":"https:\/\/api.w.org\/{rel}","templated":true}]}}