{"id":3,"date":"2021-04-19T22:15:46","date_gmt":"2021-04-19T20:15:46","guid":{"rendered":"http:\/\/demo.hosting.frachtwerk.de\/?page_id=3"},"modified":"2021-04-20T21:34:46","modified_gmt":"2021-04-20T19:34:46","slug":"datenschutzerklaerung","status":"publish","type":"page","link":"https:\/\/demo.fw-hosting.space\/index.php\/datenschutzerklaerung\/","title":{"rendered":"Datenschutzerkl\u00e4rung"},"content":{"rendered":"\n<h2 class=\"wp-block-heading\" id=\"wer-ist-hier-verantwortlich\">Wer ist hier verantwortlich?<\/h2>\n\n\n\n<p>Verantwortliche Stelle f\u00fcr diese Seite und damit f\u00fcr die Erhebung deiner Daten ist die Frachtwerk GmbH:<\/p>\n\n\n\n<blockquote class=\"wp-block-quote is-layout-flow wp-block-quote-is-layout-flow\"><p>Frachtwerk GmbH<br>Tempelhofer Ufer 36<br>10963 Berlin<\/p><\/blockquote>\n\n\n\n<p>Unseren Datenschutzbeauftragten erreichst du \u00fcber:<\/p>\n\n\n\n<blockquote class=\"wp-block-quote is-layout-flow wp-block-quote-is-layout-flow\"><p>Bj\u00f6rn Hoffmann<br><a href=\"mailto:datenschutz@frachtwerk.de\">datenschutz@frachtwerk.de<\/a><\/p><\/blockquote>\n\n\n\n<h2 class=\"wp-block-heading\" id=\"was-f\u00fcr-daten-erhebt-ihr-und-warum\">Was f\u00fcr Daten erhebt ihr und warum?<\/h2>\n\n\n\n<p>Diese Seite ist eine Testseite, um den Einsatz eines Cookie-Banners zu demonstrieren. Im wesentlichen werden Log-Files geschrieben, diese beinhalten:<\/p>\n\n\n\n<ul class=\"wp-block-list\"><li>deine IP-Adresse<\/li><li>die Seite, die du aufrufst<\/li><li>die Uhrzeit, zu der du die Seite aufgerufen hast<\/li><li>von welcher Ursprungsseite du hierher geleitet wurdest<\/li><li>welchen Browser und welches Betriebssystem du verwendest<\/li><\/ul>\n\n\n\n<p>Diese Daten verwenden wir, um zum einen analysieren zu k\u00f6nnen, wie viele (unterschiedliche) Besucher zu welcher Zeit unsere Seite besuchen (und woher sie kommen) und zum anderen, um im Fall eines Angriffs nachvollziehen zu k\u00f6nnen, woher die Zugriffe kamen.<\/p>\n\n\n\n<p>Rechtsgrundlage f\u00fcr die Erhebung der Daten ist einerseits das bereichtigte Interesse in Art. 6 Abs. 1 lit. f DSGVO, um unsere Website zu verbessern und die Erf\u00fcllung einer rechtlichen Pflicht in Art. 6 Abs. 1 lit. c DSGVO, da wir sicherstellen m\u00fcssen, im Falle eines Angriffs ad\u00e4quat reagieren und diesen Angriff auswerten zu k\u00f6nnen.<\/p>\n\n\n\n<h2 class=\"wp-block-heading\" id=\"was-passiert-mit-meinen-daten\">Was passiert mit meinen Daten?<\/h2>\n\n\n\n<p>Deine Daten nutzen wir ausschlie\u00dflich, um selbst etwas \u00fcber die Nutzung unserer Website zu lernen und z.B. festzustellen, welche unserer Artikel besonders interessant sind.<br>Wir geben die Daten zu keiner Zeit an irgendeinen Dritten weiter! Wir nutzen zwar mit der Netcup GmbH einen Rechenzentrums-Anbieter, der in unserem Auftrag unsere Server betreibt, dieser hat jedoch keinen Zugriff auf deine Daten. Auch unser Anbieter f\u00fcr Backups, die Bradler &amp; Krantz GmbH &amp; Co. KG hat keinen Zugriff auf die gespeicherten Daten, da wir diese dort nur verschl\u00fcsselt ablegen.<\/p>\n\n\n\n<p>Auf einigen Seiten sind Youtube-Videos, Karten oder \u00e4hnliche Dienste eingebunden. \u00dcber die Weitergabe von Daten (in diesem Fall ausschlie\u00dflich Referrer beim Aufruf und damit verbunden IP-Adresse und User-Agent) informiert entsprechend unser Cookie-Banner.<\/p>\n\n\n\n<h2 class=\"wp-block-heading\" id=\"wie-lange-speichert-ihr-meine-daten\">Wie lange speichert ihr meine Daten?<\/h2>\n\n\n\n<p>Deine Daten speichern wir f\u00fcr eine L\u00e4nge von 12 Monaten. Die Speicherung erfolgt ausschlie\u00dflich auf unseren Servern in Deutschland und in den Niederlanden.<\/p>\n\n\n\n<h2 class=\"wp-block-heading\" id=\"wie-sch\u00fctzt-ihr-meine-daten\">Wie sch\u00fctzt ihr meine Daten?<\/h2>\n\n\n\n<p>Wir legen viel Wert darauf, dass deine Daten \u2013 selbst wenn es sich nur um deine IP-Adresse und deinen Browser handelt \u2013 bei uns sicher sind! Deshalb setzen wir verschiedene Techniken ein, um sie zu sch\u00fctzen. Dazu geh\u00f6ren u.a.:<\/p>\n\n\n\n<ul class=\"wp-block-list\"><li>eine Firewall vor allen unseren Servern<\/li><li>Trennung unserer Server in verschiedene Netze<\/li><li>automatische Verwendung von Verschl\u00fcsselungen in der \u00dcbertragung (SSL bzw. TLS)<\/li><li>eine sorgf\u00e4ltige Auswahl unserer Administratoren<\/li><li>eine st\u00e4ndige Weiterbildung der Verantwortlichen<\/li><li>regelm\u00e4\u00dfige Aktualisierungen der Serverbetriebssysteme<\/li><li>Pr\u00fcfungen der Ma\u00dfnahmen durch Externe<\/li><\/ul>\n\n\n\n<h2 class=\"wp-block-heading\" id=\"welche-rechte-habe-ich\">Welche Rechte habe ich?<\/h2>\n\n\n\n<p>Du hast bei uns nat\u00fcrlich alle Rechte, die dir laut DSGVO zustehen! Dazu geh\u00f6ren u.a.:<\/p>\n\n\n\n<ul class=\"wp-block-list\"><li>Recht auf L\u00f6schung: Auf Wunsch l\u00f6schen wir jederzeit alle Daten, die wir von dir erhoben haben<\/li><li>Recht auf Auskunft: Du kannst bei uns jederzeit erfragen, welche Daten wir von dir gespeichert haben<\/li><li>Recht auf Berichtigung: Sollten die von uns erhobenen Daten fehlerhaft sein, kannst du uns stets informieren und wir berichtigen die Fehler<\/li><li>Recht auf \u00dcbertragung: Wenn du m\u00f6chtest, k\u00f6nnen wir dir die erhobenen Daten gerne \u00fcbertragen<\/li><li>Recht auf Einschr\u00e4nkung in der Verarbeitung: Wenn du m\u00f6chtest, k\u00f6nnen wir deine Daten gerne von der Verarbeitung ausnehmen (in dem Fall w\u00fcrden wir sie einfach l\u00f6schen)<\/li><li>Recht auf Beschwerde: Du kannst dich bei einer Aufsichtsbeh\u00f6rde \u00fcber uns beschweren \u2013 wir w\u00fcrden uns nat\u00fcrlich freuen, wenn du vorher auf uns zukommst!<\/li><\/ul>\n\n\n\n<p>All diese Rechte stehen dir nat\u00fcrlich kostenlos zur Verf\u00fcgung!<\/p>\n\n\n\n<h2 class=\"wp-block-heading\" id=\"an-wen-kann-ich-mich-wenden\">An wen kann ich mich wenden?<\/h2>\n\n\n\n<p>Falls du noch Fragen hast, freut sich unser Datenschutzbeauftragter immer \u00fcber Post! Du erreichst ihn per E-Mail via\u00a0<a href=\"mailto:datenschutz@frachtwerk.de\">datenschutz@frachtwerk.de<\/a><\/p>\n","protected":false},"excerpt":{"rendered":"<p>Wer ist hier verantwortlich? Verantwortliche Stelle f\u00fcr diese Seite und damit f\u00fcr die Erhebung deiner Daten ist die Frachtwerk GmbH: Frachtwerk GmbHTempelhofer Ufer 3610963 Berlin Unseren Datenschutzbeauftragten erreichst du \u00fcber: Bj\u00f6rn Hoffmanndatenschutz@frachtwerk.de Was f\u00fcr Daten erhebt ihr und warum? Diese Seite ist eine Testseite, um den Einsatz eines Cookie-Banners zu demonstrieren. Im wesentlichen werden Log-Files&hellip; <a class=\"more-link\" href=\"https:\/\/demo.fw-hosting.space\/index.php\/datenschutzerklaerung\/\"><span class=\"screen-reader-text\">Datenschutzerkl\u00e4rung<\/span> weiterlesen<\/a><\/p>\n","protected":false},"author":1,"featured_media":0,"parent":0,"menu_order":0,"comment_status":"closed","ping_status":"open","template":"","meta":{"footnotes":""},"class_list":["post-3","page","type-page","status-publish","hentry","entry"],"_links":{"self":[{"href":"https:\/\/demo.fw-hosting.space\/index.php\/wp-json\/wp\/v2\/pages\/3","targetHints":{"allow":["GET"]}}],"collection":[{"href":"https:\/\/demo.fw-hosting.space\/index.php\/wp-json\/wp\/v2\/pages"}],"about":[{"href":"https:\/\/demo.fw-hosting.space\/index.php\/wp-json\/wp\/v2\/types\/page"}],"author":[{"embeddable":true,"href":"https:\/\/demo.fw-hosting.space\/index.php\/wp-json\/wp\/v2\/users\/1"}],"replies":[{"embeddable":true,"href":"https:\/\/demo.fw-hosting.space\/index.php\/wp-json\/wp\/v2\/comments?post=3"}],"version-history":[{"count":3,"href":"https:\/\/demo.fw-hosting.space\/index.php\/wp-json\/wp\/v2\/pages\/3\/revisions"}],"predecessor-version":[{"id":17,"href":"https:\/\/demo.fw-hosting.space\/index.php\/wp-json\/wp\/v2\/pages\/3\/revisions\/17"}],"wp:attachment":[{"href":"https:\/\/demo.fw-hosting.space\/index.php\/wp-json\/wp\/v2\/media?parent=3"}],"curies":[{"name":"wp","href":"https:\/\/api.w.org\/{rel}","templated":true}]}}